{"id":4,"date":"2009-02-01T04:59:16","date_gmt":"2009-02-01T10:59:16","guid":{"rendered":"http:\/\/www.arauca.es\/?page_id=4"},"modified":"2009-04-22T09:03:23","modified_gmt":"2009-04-22T15:03:23","slug":"quienes-somos","status":"publish","type":"page","link":"http:\/\/www.arauca.es\/es\/quienes-somos","title":{"rendered":"Qui\u00e9nes somos"},"content":{"rendered":"<p class=\"MsoNormal\" style=\"margin-right: 6.85pt; text-align: justify;\"><span style=\"font-family: &quot;Arial&quot;,&quot;sans-serif&quot;;\" lang=\"EN-US\"> <\/span><\/p>\n<p class=\"MsoNormal\" style=\"margin-right: 6.85pt; text-align: justify;\"><span style=\"font-family: &quot;Arial&quot;,&quot;sans-serif&quot;;\" lang=\"EN-US\">La empresa Arauca, pionera en Castilla-La Mancha en sus \u00e1reas de actuaci\u00f3n, tiene su origen en el a\u00f1o 1994.<\/span><\/p>\n<p class=\"MsoNormal\" style=\"margin-right: 6.85pt; text-align: justify;\"><span style=\"font-family: &quot;Arial&quot;,&quot;sans-serif&quot;;\" lang=\"EN-US\">Est\u00e1 compuesta por un amplio y multidisciplinar equipo de profesionales de contrastada experiencia y solvencia t\u00e9cnica.<\/span><\/p>\n<p class=\"MsoNormal\" style=\"margin-right: 6.85pt; text-align: justify;\"><span style=\"font-family: &quot;Arial&quot;,&quot;sans-serif&quot;;\" lang=\"EN-US\">Su filosof\u00eda se basa en la aplicaci\u00f3n de unos exigentes criterios de calidad y responsabilidad.<\/span><\/p>\n<p class=\"MsoNormal\" style=\"margin-right: 6.85pt; text-align: justify;\"><span style=\"font-family: &quot;Arial&quot;,&quot;sans-serif&quot;;\" lang=\"EN-US\"> Desde su creaci\u00f3n ha prestado y presta servicios a multitud de entidades europeas, tanto p\u00fablicas como privadas.<\/span><\/p>\n","protected":false},"excerpt":{"rendered":"<p>La empresa Arauca, pionera en Castilla-La Mancha en sus \u00e1reas de actuaci\u00f3n, tiene su origen en el a\u00f1o 1994. Est\u00e1 compuesta por un amplio y multidisciplinar equipo de profesionales de contrastada experiencia y solvencia t\u00e9cnica. Su filosof\u00eda se basa en la aplicaci\u00f3n de unos exigentes criterios de calidad y responsabilidad. Desde su creaci\u00f3n ha prestado [&hellip;]<\/p>\n","protected":false},"author":1,"featured_media":0,"parent":0,"menu_order":0,"comment_status":"closed","ping_status":"closed","template":"","meta":{"footnotes":""},"_links":{"self":[{"href":"http:\/\/www.arauca.es\/es\/wp-json\/wp\/v2\/pages\/4"}],"collection":[{"href":"http:\/\/www.arauca.es\/es\/wp-json\/wp\/v2\/pages"}],"about":[{"href":"http:\/\/www.arauca.es\/es\/wp-json\/wp\/v2\/types\/page"}],"author":[{"embeddable":true,"href":"http:\/\/www.arauca.es\/es\/wp-json\/wp\/v2\/users\/1"}],"replies":[{"embeddable":true,"href":"http:\/\/www.arauca.es\/es\/wp-json\/wp\/v2\/comments?post=4"}],"version-history":[{"count":7,"href":"http:\/\/www.arauca.es\/es\/wp-json\/wp\/v2\/pages\/4\/revisions"}],"predecessor-version":[{"id":49,"href":"http:\/\/www.arauca.es\/es\/wp-json\/wp\/v2\/pages\/4\/revisions\/49"}],"wp:attachment":[{"href":"http:\/\/www.arauca.es\/es\/wp-json\/wp\/v2\/media?parent=4"}],"curies":[{"name":"wp","href":"https:\/\/api.w.org\/{rel}","templated":true}]}}